{"id":13,"date":"2024-10-12T11:29:37","date_gmt":"2024-10-12T11:29:37","guid":{"rendered":"https:\/\/elegant-cannon.91-237-33-134.plesk.page\/?page_id=13"},"modified":"2024-10-13T13:47:09","modified_gmt":"2024-10-13T13:47:09","slug":"storitve","status":"publish","type":"page","link":"https:\/\/elegant-cannon.91-237-33-134.plesk.page\/?page_id=13","title":{"rendered":"Storitve"},"content":{"rendered":"\n<div class=\"wp-block-columns storitev is-layout-flex wp-container-core-columns-is-layout-9d6595d7 wp-block-columns-is-layout-flex\">\n<div class=\"wp-block-column is-layout-flow wp-block-column-is-layout-flow\" style=\"flex-basis:33.33%\">\n<figure class=\"wp-block-image size-full\"><img loading=\"lazy\" decoding=\"async\" width=\"800\" height=\"538\" src=\"https:\/\/elegant-cannon.91-237-33-134.plesk.page\/wp-content\/uploads\/2024\/10\/kozni-rak.jpg\" alt=\"\" class=\"wp-image-24\" srcset=\"https:\/\/elegant-cannon.91-237-33-134.plesk.page\/wp-content\/uploads\/2024\/10\/kozni-rak.jpg 800w, https:\/\/elegant-cannon.91-237-33-134.plesk.page\/wp-content\/uploads\/2024\/10\/kozni-rak-300x202.jpg 300w, https:\/\/elegant-cannon.91-237-33-134.plesk.page\/wp-content\/uploads\/2024\/10\/kozni-rak-768x516.jpg 768w\" sizes=\"auto, (max-width: 800px) 100vw, 800px\" \/><\/figure>\n<\/div>\n\n\n\n<div class=\"wp-block-column is-layout-flow wp-block-column-is-layout-flow\" style=\"flex-basis:70%\">\n<p>Ker je znamenja po ko\u017ei celotnega telesa smiselno strokovno in natan\u010dno spremljati in opazovati njihovo \u00bbobna\u0161anje\u00ab, opravljamo:<br><br><br>digitalno &#8211; dermatoskopske preglede pigmentnih znamenj t.i. Bodyscan in s tem zgodnje odkrivanje ko\u017enega raka (naredimo poslikavo znamenj in ob naslednjem pregledu primerjamo njihovo spreminjanje).<br><br><br>V kolikor opazite, da se vam kak\u0161no znamenje naglo spreminja ali pa si \u017eelite samo preventivni pregled in poslikavo vseh ko\u017enih znamenj, nas pokli\u010dite na&nbsp;<strong>tel.\u0161t. 01\/52-02-118 ali 031\/574-912<\/strong>&nbsp;in se naro\u010dite.<\/p>\n<\/div>\n<\/div>\n\n\n\n<div class=\"wp-block-columns storitev is-layout-flex wp-container-core-columns-is-layout-9d6595d7 wp-block-columns-is-layout-flex\">\n<div class=\"wp-block-column is-layout-flow wp-block-column-is-layout-flow\" style=\"flex-basis:33.33%\">\n<figure class=\"wp-block-image size-full\"><img loading=\"lazy\" decoding=\"async\" width=\"600\" height=\"402\" src=\"https:\/\/elegant-cannon.91-237-33-134.plesk.page\/wp-content\/uploads\/2024\/10\/diagn.jpg\" alt=\"\" class=\"wp-image-29\" srcset=\"https:\/\/elegant-cannon.91-237-33-134.plesk.page\/wp-content\/uploads\/2024\/10\/diagn.jpg 600w, https:\/\/elegant-cannon.91-237-33-134.plesk.page\/wp-content\/uploads\/2024\/10\/diagn-300x201.jpg 300w\" sizes=\"auto, (max-width: 600px) 100vw, 600px\" \/><\/figure>\n<\/div>\n\n\n\n<div class=\"wp-block-column is-layout-flow wp-block-column-is-layout-flow\" style=\"flex-basis:70%\">\n<p>Ko\u017ene bolezni so med najpogostej\u0161imi boleznimi, ki prizadenejo \u010dloveka. Prakti\u010dno ni posameznika, ki ne bi vsaj enkrat v \u017eivljenju imel te\u017eave s ko\u017eo.<br><br>Problematika ko\u017enih bolezni je na eni strani njihova vidnost, saj so bolezenske spremembe na povr\u0161ini na\u0161ega telesa in nas poleg osnovnih bolezenskih simptomov motijo tudi zaradi videza, na drugi strani pa je \u017eal ve\u010dina dermatolo\u0161kih bolezni kroni\u010dnih in ponavljajo\u010dih ter te\u017ekih tako za diagnostiko kot za zdravljenje. Na\u0161 center je v prvi vrsti specializiran in vrhunsko usposobljen prav za diagnostiko in zdravljenje vseh vrst ko\u017enih bolezni.<br><br>Dermatologi pa se poleg vseh ko\u017enih bolezni, ukvarjamo tudi z boleznijo ven in \u017eil na nogah.<br>Primeri nekaterih ko\u017enih bolezni, s katerimi se v na\u0161em centru najpogosteje ukvarjamo:<br><br><br>\u2022 Pregledovanje, diagnostika, spremljanje pigmentnih \u00bbznamenj\u00ab , zgodnje odkrivanje ter preventiva ko\u017enega raka<br>\u2022 Zdravljenje ko\u017enega raka<br>\u2022 Pigmentne lise in druge spremembe pigmentacije ko\u017ee<br>\u2022 Akne<br>\u2022 Rozacea<br>\u2022 Alopecija \u2013 ple\u0161avost<br>\u2022 Bolezni nohtov in las<br>\u2022 Alergijske bolezni ko\u017ee<br>\u2022 Dermatitisi \u2013 ekcemi<br>\u2022 Ko\u017eni izpu\u0161\u010daji \u2013 eksanthemi<br>\u2022 Srbe\u010dica ko\u017ee (pruritus)<br>\u2022 Oku\u017ebe ko\u017ee<br>&#8211; Glivi\u010dne (oku\u017ebe s candido, dermatofiti, \u2026)<br>&#8211; virusne ( herpesi, navadne bradavice, genitalne bradavice, moluski , \u2026)<br>&#8211; bakterijske<br>\u2022 Zdravljenje \u017eilnih bolezni ko\u017ee<br>\u2022 Bolezni ven (kr\u010dne \u017eile\u2026)<br>\u2022 Raz\u0161irjene \u017eilice (teleangiektazije)<br>&#8211; (\u00bbkuperoza\u00ab obraza \u2026)<br>&#8211; raz\u0161irjene \u017eilice nog (venektazije)<br>&#8211; prirojene \u017eilne nepravilnosti (hemangiomi)<br>\u2022 Luskavica<br>\u2022 Prekomerno znojenje (hiperhidroza)<br>\u2022 Prekomerna pora\u0161\u010denost<br>\u2022 Brazgotine in strije<\/p>\n\n\n\n<div class=\"readmore\">Preberi ve\u010d<\/div>\n<\/div>\n<\/div>\n\n\n\n<div class=\"wp-block-columns storitev is-layout-flex wp-container-core-columns-is-layout-9d6595d7 wp-block-columns-is-layout-flex\">\n<div class=\"wp-block-column is-layout-flow wp-block-column-is-layout-flow\" style=\"flex-basis:33.33%\">\n<figure class=\"wp-block-image size-full\"><img loading=\"lazy\" decoding=\"async\" width=\"700\" height=\"422\" src=\"https:\/\/elegant-cannon.91-237-33-134.plesk.page\/wp-content\/uploads\/2024\/10\/laser-derm.webp\" alt=\"\" class=\"wp-image-28\" srcset=\"https:\/\/elegant-cannon.91-237-33-134.plesk.page\/wp-content\/uploads\/2024\/10\/laser-derm.webp 700w, https:\/\/elegant-cannon.91-237-33-134.plesk.page\/wp-content\/uploads\/2024\/10\/laser-derm-300x181.webp 300w\" sizes=\"auto, (max-width: 700px) 100vw, 700px\" \/><\/figure>\n<\/div>\n\n\n\n<div class=\"wp-block-column is-layout-flow wp-block-column-is-layout-flow\" style=\"flex-basis:70%\">\n<p>Vse medicinske laserske posege opravljajo izklju\u010dno izku\u0161eni zdravniki specialisti, dermatologi.<br><br>Pri estetskih laserskih posegih specialistom pomaga vrhunsko usposobljeno medicinsko osebje z opravljenimi \u0161olanji in licenco za uporabo laserjev.<br><br>Vsi laserski posegi se opravijo \u0161ele po predhodnem pregledu in posvetu z zdravnikom dermatologom, kjer vam sku\u0161amo odgovoriti na vsa va\u0161a vpra\u0161anja, strokovno in realno svetovati in se pomeniti o va\u0161ih \u017eeljah in pri\u010dakovanjih.<br><br><strong>LASERSKO ZDRAVLJENJE \u017dILNIH NEPRAVILNOSTI (raz\u0161irjene kapilare na nogah, obrazu,\u2026)<\/strong><br><br>Drobne rde\u010de \u017eilice po obrazu in nogah se obi\u010dajno pojavijo kot posledica ko\u017enih bolezni, hormonskih sprememb in po\u0161kodb zaradi svetlobe. Zlasti po obrazu so za ve\u010dino ljudi izjemno mote\u010de. Po tretmaju se pojavi vidna sprememba barve \u017eilice. V primerjavi z drugimi metodami je postopek veliko manj bole\u010d. Lasersko zdravljenje \u017eilnih sprememb praviloma ne zmoti vsakodnevnih dejavnosti.<br><br>Z njimi se vam ne bo treba ubadati vse \u017eivljenje. Na videz neprijetna \u017eilna znamenja, vse od tankih rde\u010dih pajkastih znamenj na obrazu, do velikih zelenomodrih \u017eil in kapilar na nogah, lahko preprosto zmanj\u0161amo z najsodobnej\u0161o lasersko tehnologijo.<br><br>Odstranitev \u017eilnih nepravilnosti je z lasersko tehnologijo mogo\u010da brez operacij in injekcij. V procesu zdravljenja uporabljamo najnovej\u0161e laserske aplikatorje, s katerimi problemati\u010dno \u017eilo natan\u010dno zadenemo in segrejemo. To povzro\u010di, da se \u017eilice s\u010dasoma razgradijo in izlo\u010dijo prek imunskega sistema. V primerjavi z drugimi metodami je postopek veliko manj bole\u010d. Uspe\u0161no je mogo\u010de odstraniti \u017eilice premera od 0,5 mm do 4 mm. Po posegu se pojavi vidna sprememba \u017eilice in manj\u0161a oteklina, ki lahko traja nekaj ur. Lasersko zdravljenje \u017eilnih sprememb praviloma ne zmoti vsakodnevnih dejavnosti.<br><br>Poseg z laserjem omogo\u010da u\u010dinkovito zdravljenje \u017eilnih nepravilnosti na nogah, modrikasto rde\u010dih \u017eilic na licih, nosu, dekolteju in zdravljenje simptomov bolezni kot so rozacea, teleangiektazija, hemangiom ter razne druge \u017eilne anomalije.<br><br><br><br><strong>LASERSKO ZDRAVLJENJE AKEN<\/strong><br><br>Ve\u010dina najstnikov trpi zaradi aken, vedno pogosteje pa tudi veliko mo\u0161kih in \u017eensk po tridesetem ali celo \u0161tiridesetem letu starosti. Najpogosteje so izra\u017eene na obrazu, pojavijo pa se lahko tudi na hrbtu, ramenih in prsnemu ko\u0161u. Zdravljenje aken lahko poteka na ve\u010d na\u010dinov in sicer z laserjem, kemi\u010dnimi pilingi, antibiotiki, \u2026.<br><br><br><br><strong>LASERSKO ZDRAVLJENJE ROZACEE<\/strong><br><br><br><br><strong>LASERSKO ZDRAVLJENJE KERATOZ<\/strong><br><br><br><br><strong>LASERSKO ODSTRANJEVANJE PIGMENTNIH NEPRAVILNOSTI<\/strong><br><br>(starostnih lis, ki so posledica prekomernega izpostavljanja UV- \u017earkom tekom \u017eivljenja, son\u010dnih peg,\u2026)<br><br><br><br><strong>LASERSKO IZBOLJ\u0160ANJE IZGLEDA BRAZGOTIN<\/strong><br><br><br><br><strong>LASERSKO POMLAJEVANJE IN U\u010cVR\u0160\u010cEVANJE KO\u017dE<\/strong><br><br>Ko\u017ea je izpostavljena \u0161tevilnim spremembam, ki jo s\u010dasoma po\u0161kodujejo. Pojavljati se za\u010dnejo vidne \u017eilice, pigmentne nepravilnosti, pove\u010dane pore, gubice in gube. Na\u0161a ko\u017ea se z razli\u010dnimi varovalnimi mehanizmi vsakodnevno brani pred vplivi zunanjega sveta.<br><br>Z lasersko tehnologijo lahko u\u010dinkovito, nebole\u010de ter brez komplikacij u\u010dvrstite va\u0161o ko\u017eo.<br><br>S segrevanjem tkiva povzro\u010dimo kr\u010denje kolagenskih vlaken ter spodbudimo nastajanje elastina ter novih, bolj funkcionalnih kolagenskih vlaken. Z u\u010dvrstitvijo ko\u017ee, se s\u010dasoma zmanj\u0161ajo tudi gube ter izbolj\u0161a elasti\u010dnost.<br><br>Za dober u\u010dinek je potrebnih povpre\u010dno 5 tretmajev, ki se izvajajo na 2-4 tedne.<br><br>Tretmaje se izvaja predvsem na podro\u010djih, kjer ko\u017ea z leti postane usahla. Na obrazu so taka podro\u010dja pod o\u010dmi, v okolici obrvi, na vratu, v okolici nosu in ust. Izvaja se jih lahko tudi drugod na telesu, najve\u010dkrat na trebuhu in rokah.<\/p>\n\n\n\n<div class=\"readmore\">Preberi ve\u010d<\/div>\n<\/div>\n<\/div>\n\n\n\n<div class=\"wp-block-columns storitev is-layout-flex wp-container-core-columns-is-layout-9d6595d7 wp-block-columns-is-layout-flex\">\n<div class=\"wp-block-column is-layout-flow wp-block-column-is-layout-flow\" style=\"flex-basis:33.33%\">\n<figure class=\"wp-block-image size-full\"><img loading=\"lazy\" decoding=\"async\" width=\"960\" height=\"636\" src=\"https:\/\/elegant-cannon.91-237-33-134.plesk.page\/wp-content\/uploads\/2024\/10\/laser-hair.jpg\" alt=\"\" class=\"wp-image-27\" srcset=\"https:\/\/elegant-cannon.91-237-33-134.plesk.page\/wp-content\/uploads\/2024\/10\/laser-hair.jpg 960w, https:\/\/elegant-cannon.91-237-33-134.plesk.page\/wp-content\/uploads\/2024\/10\/laser-hair-300x199.jpg 300w, https:\/\/elegant-cannon.91-237-33-134.plesk.page\/wp-content\/uploads\/2024\/10\/laser-hair-768x509.jpg 768w\" sizes=\"auto, (max-width: 960px) 100vw, 960px\" \/><\/figure>\n<\/div>\n\n\n\n<div class=\"wp-block-column is-layout-flow wp-block-column-is-layout-flow\" style=\"flex-basis:70%\">\n<p>Smo prvi specializirani center za zmanj\u0161evanje in odstranjevanje dlak. Sodobne raziskave so namre\u010d pokazale, da pri odstranjevanju dlak ni pomembna samo terapija z laserjem, temve\u010d je potreben celosten pristop, pri katerem so najbolj\u0161i rezultati pri uporabi kombinacije razli\u010dnih laserjev oz. IPL. Ob tem obstajajo tudi mo\u017enosti dodatne podporne terapije z zdravili \u2013 tako s tabletami kot z mazili. Laserske postopke opravlja izklju\u010dno visoko strokovno usposobljeno medicinsko osebje s posebnim \u0161olanjem in licenco za upravljanje z laserji.<br><br><strong>KOMU JE NAMENJENO LASERSKO ODSTRANJEVANJE DLAK?<\/strong><br>\u2022 \u017dENSKAM<br>\u2022 MO\u0160KIM<br>\u2022 \u0160PORTNIKOM<br>\u2022 MLADOSTNIKOM (PO PREGLEDU IN NASVETU DERMATOLOGA)<br>PREKOMERNO PORA\u0160\u010cENIM \u2013 v nekaterih primerih zavarovalnica povrne denar, navodila oz. kak\u0161en je postopek v tem primeru, dobite na posvetu, oz. po pregledu<br><br><br><br><strong>KDAJ JE NAJPRIMERNEJ\u0160I \u010cAS ZA LASERSKO ODSTRANJEVANJE DLAK?<\/strong><br>Najprimernej\u0161i \u010das je seveda takrat, ko smo najmanj izpostavljeni soncu. Za ve\u010dino to velja od jeseni pa do konec pomladi, ne pa za vse. Vsekakor posku\u0161amo terapije prilagoditi va\u0161im aktivnostim in dopustom, oz. treningom (pri \u0161portnikih).<br><br><br><br><strong>KAJ JE POMEMBNO, KO PRIDETE NA LASERSKO ODSTRANJEVANJE DLAK?<\/strong><br>Najpomembnej\u0161e je, da niste rjavi. S tem mislimo na vse: son\u010denje, solarij, kreme za samoporjavitev, &#8230; Pomembna so vsa zdravila, ki jih jemljete, saj mnoga od le-teh povzro\u010dajo ob\u010dutljivost na son\u010dne \u017earke; sem spadajo tudi nekatera mazila. Herpes, \u010de ste ga imeli pred kratkim, \u010de ste ga kadarkoli \u017ee imeli, &#8230;<\/p>\n\n\n\n<div class=\"readmore\">Preberi ve\u010d<\/div>\n<\/div>\n<\/div>\n\n\n\n<div class=\"wp-block-columns storitev is-layout-flex wp-container-core-columns-is-layout-9d6595d7 wp-block-columns-is-layout-flex\">\n<div class=\"wp-block-column is-layout-flow wp-block-column-is-layout-flow\" style=\"flex-basis:33.33%\">\n<figure class=\"wp-block-image size-full\"><img loading=\"lazy\" decoding=\"async\" width=\"1000\" height=\"667\" src=\"https:\/\/elegant-cannon.91-237-33-134.plesk.page\/wp-content\/uploads\/2024\/10\/med-estetika.jpg\" alt=\"\" class=\"wp-image-26\" srcset=\"https:\/\/elegant-cannon.91-237-33-134.plesk.page\/wp-content\/uploads\/2024\/10\/med-estetika.jpg 1000w, https:\/\/elegant-cannon.91-237-33-134.plesk.page\/wp-content\/uploads\/2024\/10\/med-estetika-300x200.jpg 300w, https:\/\/elegant-cannon.91-237-33-134.plesk.page\/wp-content\/uploads\/2024\/10\/med-estetika-768x512.jpg 768w\" sizes=\"auto, (max-width: 1000px) 100vw, 1000px\" \/><\/figure>\n<\/div>\n\n\n\n<div class=\"wp-block-column is-layout-flow wp-block-column-is-layout-flow\" style=\"flex-basis:70%\">\n<p>Dan za\u010dnemo s skrbjo za lep\u0161i videz. Tako \u017eenske kot tudi mo\u0161ki. Popolnoma naravno je, da nas zaskrbijo prve gubice, da nam ni vseeno ali je na\u0161a polt lepa in zdrava, ali utrujena in brez sijaja. Na sre\u010do je danes na voljo mnogo posegov in storitev za ohranjanje lepega, zdravega in mladostnega videza na\u0161ega telesa. Po skoraj vseh ambulantnih posegih se lahko vrnete na delovno mesto takoj, \u010das za rehabilitacijo ni potreben.<br><br>Pokli\u010dete nas lahko vsak dan med 9. in 18. uro na \u0161tevilki 01\/52-02-118 ali 031\/574-912.<br><br>Z veseljem vam bomo posku\u0161ali odgovoriti na vsa va\u0161a vpra\u0161anja.<br><br><br><strong>POMLAJEVANJE Z BOTULIN TOXINOM (BOTOX, DYSPORT)<\/strong><br><br>Botulin toxin (bolj znan kot Botox) uporabljamo za izbolj\u0161anje izgleda t.i. mimi\u010dnih gub.<br><br>Botox injiciramo z zelo tanko iglico v predele na obrazu, kjer si \u017eelimo zgladiti srednje do mo\u010dno izra\u017eene gube; najpogosteje v predele okoli o\u010di, \u010dela, brade itd. Poseg opravimo ambulantno, \u0161e isti dan se lahko vrnete k vsakodnevnim opravkom. U\u010dinek botoxa se pojavi v nekaj dneh in je viden od 3 do 6 mesecev. Postopek lahko kombiniramo z ostalimi metodami pomlajevanja kot so: polnila, mezoterapija, kemi\u010dni pilingi, lasersko pomlajevanje. Botox lahko prav tako uspe\u0161no uporabimo za zdravljenje prekomernega potenja oz. hiperhidroze, predvsem pod pazduhami, na dlaneh in podplatih.<br><br><br><br><strong>POLNILA ALI FILERJI<\/strong><br><br>Polnila oziroma filerji so snovi, ki jih uporabljamo tam, kjer \u017eelimo zapolniti pomanjkanje tkiva. Najpogosteje jih uporabljamo za gube od nosa proti ustnici (nasolabialna guba), ki jih je druga\u010de s preprostimi metodami te\u017eko odstraniti. Lahko pa zapolnimo tudi druge vdolbine na ko\u017ei, ki se pojavijo po po\u0161kodbah, aknah in za pove\u010danje ustnic<br><br>Z napredkom medicine v zadnjih letih so se precej spremenila tudi polnila. Uporabljajo se telesu prijazna polnila, ki so izdelana iz hialuronske kisline, normalne sestavine dermisa \u2013 srednje plasti na\u0161e ko\u017ee, ki se nahaja pod povrhnjico. Prednost polnil iz hialuronske kisline je, da prakti\u010dno ne povzro\u010dajo stranskih u\u010dinkov in se nanje telo ne odzove z reakcijami, saj so to telesu lastne substance. Pri nas uporabljamo polnila najnovej\u0161e generacije izdelkov za pove\u010danje volumna tkiva, izravnavo gubic in drugih nepravilnosti na ko\u017ei. Izdelki, ki trenutno veljajo za najvarnej\u0161a hialuronska polnila na tr\u017ei\u0161\u010du, ne vsebujejo dodanih sladkorjev ali drugih snovi, ki bi izzvale ne\u017eeleno reakcijo. Poseg opravimo ambulantno v lokalni anesteziji, lahko pa tudi brez. Po posegu se pojavi rahla oteklina, ki izgine v nekaj urah, v redkih primerih v nekaj dneh. U\u010dinek je viden od 6 do 8 mesecev, v nekaterih primerih tudi do 12 mesecev. Postopek lahko kombiniramo z ostalimi metodami pomlajevanja, kot so: botulin toxin, mezoterapija, kemi\u010dni pilingi, lasersko pomlajevanje.<br><br><br><br><strong>MEZOTERAPIJA<\/strong><br><br>Mezoterapija je postopek, s katerim vra\u010damo izsu\u0161eni, po\u0161kodovani in postarani ko\u017ei sve\u017e in mladosten sijaj.<br><br>Ko\u017ei dodajamo hialuronsko kislino, ki je eden najpomembnej\u0161ih dejavnikov vla\u017enosti v ko\u017ei. Zni\u017eevanje ravni hialuronske kisline je posledica \u0161tevilnih vzrokov, najpomembnej\u0161i med njimi so na\u0161a leta, izpostavljanje soncu, kajenje, spremembe v nivoju hormonov. Z mezoterapijo ponovno navla\u017eimo ko\u017eo, izbolj\u0161amo njen tonus in elasti\u010dnost ter u\u010dinkovito zgladimo gube. Postopek uporabljamo na obrazu, vratu, dekolteju in na rokah.Postopek moramo za trajnej\u0161i in bolj\u0161i u\u010dinek ponoviti ve\u010dkrat. Poseg opravimo ambulantno, traja pribli\u017eno 30 minut. Postopek lahko kombiniramo z ostalimi metodami pomlajevanja, kot so: botulin toxin, polnila, kemi\u010dni pilingi, lasersko pomlajevanje.<br><br><br><br><strong>LASERSKO POMLAJEVANJE<\/strong><br><br>Ko\u017ea je izpostavljena \u0161tevilnim spremembam, ki jo s\u010dasoma po\u0161kodujejo. Pojavljati se za\u010dnejo vidne \u017eilice, pigmentne nepravilnosti, pove\u010dane pore, gubice in gube. Na\u0161a ko\u017ea se z razli\u010dnimi varovalnimi mehanizmi vsakodnevno brani pred vplivi zunanjega sveta. Z ELOS\u2122 tehnologijo lahko u\u010dinkovito, nebole\u010de ter brez komplikacij u\u010dvrstite va\u0161o ko\u017eo. S segrevanjem tkiva povzro\u010dimo kr\u010denje kolagenskih vlaken ter spodbudimo nastajanje elastina ter novih, bolj funkcionalnih kolagenskih vlaken. Z u\u010dvrstitvijo ko\u017ee se s\u010dasoma zmanj\u0161ajo tudi gube ter izbolj\u0161a elasti\u010dnost. Za dober u\u010dinek je potrebnih povpre\u010dno 5 tretmajev, ki se izvajajo na 2-4 tedne. Tretmaje se izvaja predvsem na podro\u010djih, kjer ko\u017ea z leti postane usahla. Na obrazu so taka podro\u010dja pod o\u010dmi, v okolici obrvi, na vratu, v okolici nosu in ust. Izvaja se jih lahko tudi drugod na telesu, najve\u010dkrat na trebuhu in rokah. Va\u0161i ko\u017ei bo povrnjena mladost. S postopkom odstranimo majhne gubice, globoke gube pa se vidno zmanj\u0161ajo. Po tretmaju postane ko\u017ea gladka in pro\u017ena. Po kon\u010danem tretmaju ima ro\u017enat, sve\u017e in bolj \u010dvrst izgled. \u0160tevilo tretmajev je odvisno od stanja in teksture ko\u017ee. Obi\u010dajno se \u017eeleni rezultati poka\u017eejo po 3 do 5 tretmajih. ELOS\u2122 tehnologija omogo\u010da glajenje gubic in gub na obrazu, vratu in dekolteju.<\/p>\n\n\n\n<div class=\"readmore\">Preberi ve\u010d<\/div>\n<\/div>\n\n\n\n<div class=\"wp-block-column is-layout-flow wp-block-column-is-layout-flow\"><\/div>\n<\/div>\n\n\n\n<div class=\"wp-block-columns storitev is-layout-flex wp-container-core-columns-is-layout-9d6595d7 wp-block-columns-is-layout-flex\">\n<div class=\"wp-block-column is-layout-flow wp-block-column-is-layout-flow\" style=\"flex-basis:33.33%\">\n<figure class=\"wp-block-image size-full\"><img loading=\"lazy\" decoding=\"async\" width=\"540\" height=\"360\" src=\"https:\/\/elegant-cannon.91-237-33-134.plesk.page\/wp-content\/uploads\/2024\/10\/med-postava.jpg\" alt=\"\" class=\"wp-image-25\" srcset=\"https:\/\/elegant-cannon.91-237-33-134.plesk.page\/wp-content\/uploads\/2024\/10\/med-postava.jpg 540w, https:\/\/elegant-cannon.91-237-33-134.plesk.page\/wp-content\/uploads\/2024\/10\/med-postava-300x200.jpg 300w\" sizes=\"auto, (max-width: 540px) 100vw, 540px\" \/><\/figure>\n<\/div>\n\n\n\n<div class=\"wp-block-column is-layout-flow wp-block-column-is-layout-flow\" style=\"flex-basis:70%\">\n<p>Oblikujte svoje telo z na\u0161o pomo\u010djo:<br><br><br>\u2022 Odpravljanje celulita<br>\u2022 Oblikovanje telesa<br>\u2022 Injekcijska lipoliza<br>\u2022 Lasersko odpravljanje kapilar<br>\u2022 Lasersko odstranjevanje dlak po telesu in obrazu<br>\u2022 Odpravljanje prekomernega potenja<\/p>\n<\/div>\n<\/div>\n\n\n\n<p><\/p>\n","protected":false},"excerpt":{"rendered":"<p>Ker je znamenja po ko\u017ei celotnega telesa smiselno strokovno in natan\u010dno spremljati in opazovati njihovo \u00bbobna\u0161anje\u00ab, opravljamo: digitalno &#8211; dermatoskopske preglede pigmentnih znamenj t.i. Bodyscan in s tem zgodnje odkrivanje ko\u017enega raka (naredimo poslikavo znamenj in ob naslednjem pregledu primerjamo njihovo spreminjanje). V kolikor opazite, da se vam kak\u0161no znamenje naglo spreminja ali pa si&#8230;<\/p>\n","protected":false},"author":1,"featured_media":0,"parent":0,"menu_order":0,"comment_status":"closed","ping_status":"closed","template":"custom-template.php","meta":{"footnotes":""},"class_list":["post-13","page","type-page","status-publish","hentry"],"_links":{"self":[{"href":"https:\/\/elegant-cannon.91-237-33-134.plesk.page\/index.php?rest_route=\/wp\/v2\/pages\/13","targetHints":{"allow":["GET"]}}],"collection":[{"href":"https:\/\/elegant-cannon.91-237-33-134.plesk.page\/index.php?rest_route=\/wp\/v2\/pages"}],"about":[{"href":"https:\/\/elegant-cannon.91-237-33-134.plesk.page\/index.php?rest_route=\/wp\/v2\/types\/page"}],"author":[{"embeddable":true,"href":"https:\/\/elegant-cannon.91-237-33-134.plesk.page\/index.php?rest_route=\/wp\/v2\/users\/1"}],"replies":[{"embeddable":true,"href":"https:\/\/elegant-cannon.91-237-33-134.plesk.page\/index.php?rest_route=%2Fwp%2Fv2%2Fcomments&post=13"}],"version-history":[{"count":85,"href":"https:\/\/elegant-cannon.91-237-33-134.plesk.page\/index.php?rest_route=\/wp\/v2\/pages\/13\/revisions"}],"predecessor-version":[{"id":119,"href":"https:\/\/elegant-cannon.91-237-33-134.plesk.page\/index.php?rest_route=\/wp\/v2\/pages\/13\/revisions\/119"}],"wp:attachment":[{"href":"https:\/\/elegant-cannon.91-237-33-134.plesk.page\/index.php?rest_route=%2Fwp%2Fv2%2Fmedia&parent=13"}],"curies":[{"name":"wp","href":"https:\/\/api.w.org\/{rel}","templated":true}]}}